{"id":1342,"date":"2021-08-13T16:11:43","date_gmt":"2021-08-13T16:11:43","guid":{"rendered":"https:\/\/www.philopolis.net\/site\/?page_id=1342"},"modified":"2023-07-31T21:08:46","modified_gmt":"2023-07-31T21:08:46","slug":"philoparlons","status":"publish","type":"page","link":"https:\/\/www.philopolis.net\/site\/philoparlons\/","title":{"rendered":"Philoparlons"},"content":{"rendered":"<div class=\"wp-block-image\">\n<figure class=\"aligncenter size-large is-resized\"><img loading=\"lazy\" decoding=\"async\" src=\"https:\/\/www.philopolis.net\/site\/wp-content\/uploads\/2021\/08\/Philoparlons-visuel-balado-web-1-1024x1024.png\" alt=\"\" class=\"wp-image-1344\" width=\"299\" height=\"299\" srcset=\"https:\/\/www.philopolis.net\/site\/wp-content\/uploads\/2021\/08\/Philoparlons-visuel-balado-web-1-1024x1024.png 1024w, https:\/\/www.philopolis.net\/site\/wp-content\/uploads\/2021\/08\/Philoparlons-visuel-balado-web-1-300x300.png 300w, https:\/\/www.philopolis.net\/site\/wp-content\/uploads\/2021\/08\/Philoparlons-visuel-balado-web-1-150x150.png 150w, https:\/\/www.philopolis.net\/site\/wp-content\/uploads\/2021\/08\/Philoparlons-visuel-balado-web-1-768x768.png 768w, https:\/\/www.philopolis.net\/site\/wp-content\/uploads\/2021\/08\/Philoparlons-visuel-balado-web-1-1536x1536.png 1536w, https:\/\/www.philopolis.net\/site\/wp-content\/uploads\/2021\/08\/Philoparlons-visuel-balado-web-1-2048x2048.png 2048w, https:\/\/www.philopolis.net\/site\/wp-content\/uploads\/2021\/08\/Philoparlons-visuel-balado-web-1-1200x1200.png 1200w, https:\/\/www.philopolis.net\/site\/wp-content\/uploads\/2021\/08\/Philoparlons-visuel-balado-web-1-1980x1980.png 1980w\" sizes=\"auto, (max-width: 299px) 100vw, 299px\" \/><\/figure>\n<\/div>\n\n\n<p class=\"has-text-align-center\">Philoparlons est une s\u00e9rie balado organis\u00e9e par l&rsquo;\u00e9quipe de Philopolis. On y compte d\u00e9j\u00e0 une dizaine d&rsquo;\u00e9pisodes portant sur des sujets vari\u00e9s!<\/p>\n\n\n\n<p class=\"has-text-align-center\">Pour \u00e9couter, c&rsquo;est ici : https:\/\/open.spotify.com\/show\/1vnPmfsvgV3OFdtQsmYQW2?si=b523a51444254671<\/p>\n\n\n\n<div style=\"height:28px\" aria-hidden=\"true\" class=\"wp-block-spacer\"><\/div>\n\n\n\n<p class=\"has-text-align-center\">Philoparlons is a podcast series organized by the Philopolis team. There are already about ten episodes on various subjects!<\/p>\n\n\n\n<p class=\"has-text-align-center\">You can find the series here: https:\/\/open.spotify.com\/show\/1vnPmfsvgV3OFdtQsmYQW2?si=b523a51444254671<\/p>\n","protected":false},"excerpt":{"rendered":"<p>Philoparlons est une s\u00e9rie balado organis\u00e9e par l&rsquo;\u00e9quipe de Philopolis. On y compte d\u00e9j\u00e0 une dizaine d&rsquo;\u00e9pisodes portant sur des sujets vari\u00e9s! Pour \u00e9couter, c&rsquo;est ici : https:\/\/open.spotify.com\/show\/1vnPmfsvgV3OFdtQsmYQW2?si=b523a51444254671 Philoparlons is a podcast series organized by the Philopolis team. There are already about ten episodes on various subjects! You can find the series here: https:\/\/open.spotify.com\/show\/1vnPmfsvgV3OFdtQsmYQW2?si=b523a51444254671<\/p>\n","protected":false},"author":2,"featured_media":0,"parent":0,"menu_order":0,"comment_status":"closed","ping_status":"closed","template":"","meta":{"footnotes":""},"class_list":["post-1342","page","type-page","status-publish","hentry"],"_links":{"self":[{"href":"https:\/\/www.philopolis.net\/site\/wp-json\/wp\/v2\/pages\/1342","targetHints":{"allow":["GET"]}}],"collection":[{"href":"https:\/\/www.philopolis.net\/site\/wp-json\/wp\/v2\/pages"}],"about":[{"href":"https:\/\/www.philopolis.net\/site\/wp-json\/wp\/v2\/types\/page"}],"author":[{"embeddable":true,"href":"https:\/\/www.philopolis.net\/site\/wp-json\/wp\/v2\/users\/2"}],"replies":[{"embeddable":true,"href":"https:\/\/www.philopolis.net\/site\/wp-json\/wp\/v2\/comments?post=1342"}],"version-history":[{"count":5,"href":"https:\/\/www.philopolis.net\/site\/wp-json\/wp\/v2\/pages\/1342\/revisions"}],"predecessor-version":[{"id":1648,"href":"https:\/\/www.philopolis.net\/site\/wp-json\/wp\/v2\/pages\/1342\/revisions\/1648"}],"wp:attachment":[{"href":"https:\/\/www.philopolis.net\/site\/wp-json\/wp\/v2\/media?parent=1342"}],"curies":[{"name":"wp","href":"https:\/\/api.w.org\/{rel}","templated":true}]}}