{"id":15,"date":"2019-11-20T01:47:19","date_gmt":"2019-11-20T01:47:19","guid":{"rendered":"https:\/\/www.philopolis.net\/site\/?page_id=15"},"modified":"2023-11-17T00:22:32","modified_gmt":"2023-11-17T00:22:32","slug":"a-propos","status":"publish","type":"page","link":"https:\/\/www.philopolis.net\/site\/a-propos\/","title":{"rendered":"\u00c0 propos"},"content":{"rendered":"\n<p class=\"has-text-align-center\"><br>Philopolis est un \u00e9v\u00e8nement public et compl\u00e8tement gratuit dont l\u2019objectif est de favoriser les \u00e9changes philosophiques constructifs entre le grand public, les \u00e9tudiant.es, enseignant.es,  et chercheur.es de diverses disciplines. Organis\u00e9s par des \u00e9tudiant.es des quatre universit\u00e9s montr\u00e9alaises, les ateliers, conf\u00e9rences, tables rondes et autres activit\u00e9s qui constituent l\u2019\u00e9v\u00e9nement repr\u00e9sentent une occasion inou\u00efe pour ces groupes trop souvent s\u00e9par\u00e9s de partager leurs id\u00e9es et questionnements de vive voix.<\/p>\n\n\n\n<hr class=\"wp-block-separator has-css-opacity\"\/>\n\n\n\n<p>Pour consulter nos r\u00e8glements g\u00e9n\u00e9raux<\/p>\n\n\n\n<div data-wp-interactive=\"core\/file\" class=\"wp-block-file\"><object data-wp-bind--hidden=\"!state.hasPdfPreview\" hidden class=\"wp-block-file__embed\" data=\"https:\/\/www.philopolis.net\/site\/wp-content\/uploads\/2022\/05\/Reglements-generaux-Philopolis.pdf\" type=\"application\/pdf\" style=\"width:100%;height:200px\" aria-label=\"Contenu incorpor\u00e9 R\u00e8glements g\u00e9n\u00e9raux Philopolis.\"><\/object><a id=\"wp-block-file--media-c109a919-669f-4ea8-9c4a-799ca9b6253e\" href=\"https:\/\/www.philopolis.net\/site\/wp-content\/uploads\/2022\/05\/Reglements-generaux-Philopolis.pdf\">R\u00e8glements g\u00e9n\u00e9raux Philopolis<\/a><a href=\"https:\/\/www.philopolis.net\/site\/wp-content\/uploads\/2022\/05\/Reglements-generaux-Philopolis.pdf\" class=\"wp-block-file__button wp-element-button\" download aria-describedby=\"wp-block-file--media-c109a919-669f-4ea8-9c4a-799ca9b6253e\">T\u00e9l\u00e9charger<\/a><\/div>\n\n\n\n<p>Pour consulter notre cahier de positions (\u00e0 venir)<\/p>\n","protected":false},"excerpt":{"rendered":"<p>Philopolis est un \u00e9v\u00e8nement public et compl\u00e8tement gratuit dont l\u2019objectif est de favoriser les \u00e9changes philosophiques constructifs entre le grand public, les \u00e9tudiant.es, enseignant.es, et chercheur.es de diverses disciplines. Organis\u00e9s par des \u00e9tudiant.es des quatre universit\u00e9s montr\u00e9alaises, les ateliers, conf\u00e9rences, tables rondes et autres activit\u00e9s qui constituent l\u2019\u00e9v\u00e9nement repr\u00e9sentent une occasion inou\u00efe pour ces groupes [&hellip;]<\/p>\n","protected":false},"author":1,"featured_media":0,"parent":0,"menu_order":0,"comment_status":"closed","ping_status":"closed","template":"","meta":{"footnotes":""},"class_list":["post-15","page","type-page","status-publish","hentry"],"_links":{"self":[{"href":"https:\/\/www.philopolis.net\/site\/wp-json\/wp\/v2\/pages\/15","targetHints":{"allow":["GET"]}}],"collection":[{"href":"https:\/\/www.philopolis.net\/site\/wp-json\/wp\/v2\/pages"}],"about":[{"href":"https:\/\/www.philopolis.net\/site\/wp-json\/wp\/v2\/types\/page"}],"author":[{"embeddable":true,"href":"https:\/\/www.philopolis.net\/site\/wp-json\/wp\/v2\/users\/1"}],"replies":[{"embeddable":true,"href":"https:\/\/www.philopolis.net\/site\/wp-json\/wp\/v2\/comments?post=15"}],"version-history":[{"count":10,"href":"https:\/\/www.philopolis.net\/site\/wp-json\/wp\/v2\/pages\/15\/revisions"}],"predecessor-version":[{"id":1586,"href":"https:\/\/www.philopolis.net\/site\/wp-json\/wp\/v2\/pages\/15\/revisions\/1586"}],"wp:attachment":[{"href":"https:\/\/www.philopolis.net\/site\/wp-json\/wp\/v2\/media?parent=15"}],"curies":[{"name":"wp","href":"https:\/\/api.w.org\/{rel}","templated":true}]}}