{"id":281,"date":"2019-12-10T23:08:30","date_gmt":"2019-12-10T23:08:30","guid":{"rendered":"https:\/\/www.philopolis.net\/site\/?page_id=281"},"modified":"2025-09-26T03:11:58","modified_gmt":"2025-09-26T03:11:58","slug":"accueil","status":"publish","type":"page","link":"https:\/\/www.philopolis.net\/site\/","title":{"rendered":"Accueil"},"content":{"rendered":"\n<div class=\"wp-block-group\"><div class=\"wp-block-group__inner-container is-layout-flow wp-block-group-is-layout-flow\">\n<p class=\"has-text-align-center\">La dix-septi\u00e8me \u00e9dition de Philopolis aura lieu les 20, 21 et 22 f\u00e9vrier 2026!<\/p>\n\n\n\n<div style=\"height:7px\" aria-hidden=\"true\" class=\"wp-block-spacer\"><\/div>\n\n\n<div class=\"wp-block-image\">\n<figure class=\"aligncenter size-full is-resized\"><img loading=\"lazy\" decoding=\"async\" width=\"389\" height=\"389\" src=\"https:\/\/www.philopolis.net\/site\/wp-content\/uploads\/2023\/07\/LOGO.png\" alt=\"\" class=\"wp-image-1631\" style=\"width:342px;height:342px\" srcset=\"https:\/\/www.philopolis.net\/site\/wp-content\/uploads\/2023\/07\/LOGO.png 389w, https:\/\/www.philopolis.net\/site\/wp-content\/uploads\/2023\/07\/LOGO-300x300.png 300w, https:\/\/www.philopolis.net\/site\/wp-content\/uploads\/2023\/07\/LOGO-150x150.png 150w\" sizes=\"auto, (max-width: 389px) 100vw, 389px\" \/><\/figure>\n<\/div>\n\n\n<div class=\"wp-block-button aligncenter is-style-outline is-style-outline--1\"><a class=\"wp-block-button__link wp-element-button\" href=\"https:\/\/www.philopolis.net\/site\/fr\/programmation-2020\/\">en savoir plus<\/a><\/div>\n\n\n\n<div class=\"wp-block-group\"><div class=\"wp-block-group__inner-container is-layout-flow wp-block-group-is-layout-flow\">\n<hr class=\"wp-block-separator has-css-opacity\"\/>\n<\/div><\/div>\n<\/div><\/div>\n\n\n\n<div class=\"wp-block-columns is-layout-flex wp-container-core-columns-is-layout-9d6595d7 wp-block-columns-is-layout-flex\">\n<div class=\"wp-block-column is-layout-flow wp-block-column-is-layout-flow\">\n<figure class=\"wp-block-image size-large\"><img loading=\"lazy\" decoding=\"async\" width=\"600\" height=\"175\" src=\"https:\/\/www.philopolis.net\/site\/wp-content\/uploads\/2019\/12\/Craies-petit-1.jpg\" alt=\"\" class=\"wp-image-378\" srcset=\"https:\/\/www.philopolis.net\/site\/wp-content\/uploads\/2019\/12\/Craies-petit-1.jpg 600w, https:\/\/www.philopolis.net\/site\/wp-content\/uploads\/2019\/12\/Craies-petit-1-300x88.jpg 300w\" sizes=\"auto, (max-width: 600px) 100vw, 600px\" \/><\/figure>\n\n\n\n<p>Philopolis est un \u00e9v\u00e8nement public et compl\u00e8tement gratuit dont l\u2019objectif est de favoriser des \u00e9changes philosophiques constructifs entre le grand public, les \u00e9tudiant.es, enseignant.es, chercheur.es de diverses disciplines.  [&#8230;]<\/p>\n\n\n\n<div class=\"wp-block-button aligncenter is-style-outline is-style-outline--2\"><a class=\"wp-block-button__link wp-element-button\" href=\"https:\/\/www.philopolis.net\/site\/fr\/a-propos\/\">\u00e0 Propos de nous<\/a><\/div>\n<\/div>\n<\/div>\n","protected":false},"excerpt":{"rendered":"<p>La dix-septi\u00e8me \u00e9dition de Philopolis aura lieu les 20, 21 et 22 f\u00e9vrier 2026! Philopolis est un \u00e9v\u00e8nement public et compl\u00e8tement gratuit dont l\u2019objectif est de favoriser des \u00e9changes philosophiques constructifs entre le grand public, les \u00e9tudiant.es, enseignant.es, chercheur.es de diverses disciplines. [&#8230;]<\/p>\n","protected":false},"author":1,"featured_media":0,"parent":0,"menu_order":0,"comment_status":"closed","ping_status":"closed","template":"","meta":{"footnotes":""},"class_list":["post-281","page","type-page","status-publish","hentry"],"_links":{"self":[{"href":"https:\/\/www.philopolis.net\/site\/wp-json\/wp\/v2\/pages\/281","targetHints":{"allow":["GET"]}}],"collection":[{"href":"https:\/\/www.philopolis.net\/site\/wp-json\/wp\/v2\/pages"}],"about":[{"href":"https:\/\/www.philopolis.net\/site\/wp-json\/wp\/v2\/types\/page"}],"author":[{"embeddable":true,"href":"https:\/\/www.philopolis.net\/site\/wp-json\/wp\/v2\/users\/1"}],"replies":[{"embeddable":true,"href":"https:\/\/www.philopolis.net\/site\/wp-json\/wp\/v2\/comments?post=281"}],"version-history":[{"count":9,"href":"https:\/\/www.philopolis.net\/site\/wp-json\/wp\/v2\/pages\/281\/revisions"}],"predecessor-version":[{"id":1746,"href":"https:\/\/www.philopolis.net\/site\/wp-json\/wp\/v2\/pages\/281\/revisions\/1746"}],"wp:attachment":[{"href":"https:\/\/www.philopolis.net\/site\/wp-json\/wp\/v2\/media?parent=281"}],"curies":[{"name":"wp","href":"https:\/\/api.w.org\/{rel}","templated":true}]}}