{"id":59,"date":"2019-11-20T01:52:36","date_gmt":"2019-11-20T01:52:36","guid":{"rendered":"https:\/\/www.philopolis.net\/site\/?page_id=59"},"modified":"2025-10-02T17:37:07","modified_gmt":"2025-10-02T17:37:07","slug":"equipe","status":"publish","type":"page","link":"https:\/\/www.philopolis.net\/site\/equipe\/","title":{"rendered":"\u00c9quipe"},"content":{"rendered":"\n<hr class=\"wp-block-separator has-css-opacity\"\/>\n\n\n\n<h4 class=\"wp-block-heading\">Dix-septi\u00e8me \u00e9dition (2026)<\/h4>\n\n\n\n<p>Myriam Henry : Direction et tr\u00e9sorerie<\/p>\n\n\n\n<p>William Dozois : Direction et tr\u00e9sorerie<\/p>\n\n\n\n<p>Aine Sunderland : Communications<\/p>\n\n\n\n<p>Aida Rezaei : Communications<\/p>\n\n\n\n<p>Saja Farhat : Graphisme<\/p>\n\n\n\n<p>Sebastien Kindschi : Promotion et conf\u00e9rences sp\u00e9ciales<\/p>\n\n\n\n<p>Alexandre Labont\u00e9 Dominguez : Promotion et conf\u00e9rences sp\u00e9ciales<\/p>\n\n\n\n<p>Rafael Hett : \u00c9v\u00e8nement de lancement et conf\u00e9rences r\u00e9guli\u00e8res<\/p>\n\n\n\n<p>Sofia Forlini : Conf\u00e9rences sp\u00e9ciales<\/p>\n\n\n\n<p>Eliane Laverdure : Conf\u00e9rences r\u00e9guli\u00e8res<\/p>\n\n\n\n<p>Fifi Semmar : Soir\u00e9e d&rsquo;ouverture<\/p>\n\n\n\n<p>Elisabeth Galbraith : Responsable des b\u00e9n\u00e9voles<\/p>\n\n\n\n<p>Michael McCauley : Responsable des b\u00e9n\u00e9voles<\/p>\n\n\n\n<p>Clara Levesque : R\u00e9servations<\/p>\n\n\n\n<p>Alexis Boivin : R\u00e9servations<\/p>\n\n\n\n<h4 class=\"wp-block-heading\">Seizi\u00e8me \u00e9dition (2025)<\/h4>\n\n\n\n<p>Sara Tr\u00e9panier Fleurant : Direction et tr\u00e9sorerie<\/p>\n\n\n\n<p>L\u00e9o Portelance : Direction et tr\u00e9sorerie<\/p>\n\n\n\n<p>Gregory Martel : Promotion<\/p>\n\n\n\n<p>Clara Levesque : Promotion et responsable des b\u00e9n\u00e9voles<\/p>\n\n\n\n<p>Soyeon Park : \u00c9v\u00e9nement de lancement et soir\u00e9e d&rsquo;ouverture<\/p>\n\n\n\n<p>Emmanuelle Vincent : \u00c9v\u00e9nement de lancement<\/p>\n\n\n\n<p>Sabrina Savoia : \u00c9v\u00e9nement de lancement<\/p>\n\n\n\n<p>Mathieu Charbonneau : Conf\u00e9rences sp\u00e9ciales<\/p>\n\n\n\n<p>Fran\u00e7ois Champagne-Tremblay : Conf\u00e9rences sp\u00e9ciales<\/p>\n\n\n\n<p>Sofia Forlini : Conf\u00e9rences sp\u00e9ciales<\/p>\n\n\n\n<p>Saja Farhat : Conf\u00e9rences r\u00e9guli\u00e8res et communications<\/p>\n\n\n\n<p>Eliane Laverdure : Conf\u00e9rences r\u00e9guli\u00e8res<\/p>\n\n\n\n<p>Jesse Smoot : Conf\u00e9rences r\u00e9guli\u00e8res<\/p>\n\n\n\n<p>Myriam Henry : Soir\u00e9e d&rsquo;ouverture<\/p>\n\n\n\n<p>Marie-Eve Dub\u00e9-Claveau : Responsable des b\u00e9n\u00e9voles<\/p>\n\n\n\n<p>Alexis Boivin : R\u00e9servations<\/p>\n\n\n\n<p>Charles Laroche-Villeneuve : Communications<\/p>\n\n\n\n<p>William Dozois : Communications<\/p>\n\n\n\n<h4 class=\"wp-block-heading\">Quinzi\u00e8me \u00e9dition (2024)<\/h4>\n\n\n\n<p>L\u00e9o Portelance : Direction, tr\u00e9sorerie, promotion<\/p>\n\n\n\n<p>Jules Casset-Tostivint : \u00c9v\u00e9nement de lancement<\/p>\n\n\n\n<p>Marie-Eve Dub\u00e9-Claveau : Conf\u00e9rences sp\u00e9ciales<\/p>\n\n\n\n<p>\u00c9liane Laverdure : Conf\u00e9rences r\u00e9guli\u00e8res<\/p>\n\n\n\n<p>Florence Legault : Communications<\/p>\n\n\n\n<p>Chlo\u00e9 Saluzzo : Soir\u00e9e d&rsquo;ouverture et r\u00e9servations<\/p>\n\n\n\n<p>Robert Schafer : Soir\u00e9e d&rsquo;ouverture et r\u00e9servations<\/p>\n\n\n\n<p>Nancy Thurber : Responsable des b\u00e9n\u00e9voles<\/p>\n\n\n\n<p>Sara Tr\u00e9panier Fleurant : Communications<\/p>\n\n\n\n<h4 class=\"wp-block-heading\">Quatorzi\u00e8me \u00e9dition (2023)<\/h4>\n\n\n\n<p>Alexandre Poisson : Directeur<\/p>\n\n\n\n<p>L\u00e9o Portelance : Soir\u00e9e d&rsquo;ouverture et conf\u00e9rences sp\u00e9ciales<\/p>\n\n\n\n<p>Soline Van De Moortele : Responsable des b\u00e9n\u00e9voles<\/p>\n\n\n\n<p>Dominic Roulx : Communications<\/p>\n\n\n\n<h4 class=\"wp-block-heading\">Treizi\u00e8me \u00e9dition (2022)<\/h4>\n\n\n\n<p>Alexandra Larocque : Directrice<\/p>\n\n\n\n<p>Gr\u00e9goire Ren\u00e9 : Tr\u00e9sorier<\/p>\n\n\n\n<p>Ellena Thibaud Latour : Communications<\/p>\n\n\n\n<p>Alexandre Poisson : Communications<\/p>\n\n\n\n<p>Alexia Leclerc : Logistique<\/p>\n\n\n\n<p>Helena Lang : Logistique<\/p>\n\n\n\n<p>Christophe Facal : Conf\u00e9rences r\u00e9guli\u00e8res<\/p>\n\n\n\n<p>Jonathan Dany Thibault : \u00c9v\u00e9nement de lancement<\/p>\n\n\n\n<p>Giuliana Luz Grabina : \u00c9v\u00e9nement de lancement<\/p>\n\n\n\n<p>Pascal-Olivier Dumas-Dubreuil : Soir\u00e9e d&rsquo;ouverture<\/p>\n\n\n\n<p>Atan Zhang : Soir\u00e9e d&rsquo;ouverture<\/p>\n\n\n\n<p>Brock Nykoluk : Conf\u00e9rences sp\u00e9ciales<\/p>\n\n\n\n<p>Sepehr Razavi : Conf\u00e9rences sp\u00e9ciales<\/p>\n\n\n\n<p>Dominic Roulx : Promotion<\/p>\n\n\n\n<p>Olivier Samson : Responsable des b\u00e9n\u00e9voles<\/p>\n\n\n\n<h4 class=\"wp-block-heading\"><strong>Douzi\u00e8me \u00e9dition (2021)<\/strong><\/h4>\n\n\n\n<p>Alexandra Larocque : Directrice<\/p>\n\n\n\n<p>J\u00e9r\u00e9mie H\u00e9brard : Tr\u00e9sorier<\/p>\n\n\n\n<p>Laurence Isabelle : Soir\u00e9e d&rsquo;ouverture<\/p>\n\n\n\n<p>Dominic Roulx : Logistique<\/p>\n\n\n\n<p>Sayaka Araniva-Yanez : Communications<\/p>\n\n\n\n<p>Ellena Thibaud-Latour : Communications<\/p>\n\n\n\n<p>Helena Lang : Logistique<\/p>\n\n\n\n<p>Olivier Samson : B\u00e9n\u00e9voles<\/p>\n\n\n\n<p>Marie Achille : Conf\u00e9rences sp\u00e9ciales<\/p>\n\n\n\n<p>Sepehr Razavi : Conf\u00e9rences sp\u00e9ciales<\/p>\n\n\n\n<p>Christophe Facal : Mobilisation<\/p>\n\n\n\n<div class=\"wp-block-group\"><div class=\"wp-block-group__inner-container is-layout-flow wp-block-group-is-layout-flow\"><\/div><\/div>\n\n\n\n<h4 class=\"wp-block-heading\"><strong>Onzi\u00e8me \u00e9dition (2020)<\/strong><\/h4>\n\n\n\n<p><strong>Guillaume Soucy:<\/strong> Directeur<\/p>\n\n\n\n<p class=\"has-text-align-left\"><strong>Alexandra Larocque: <\/strong>Responsable des communications<\/p>\n\n\n\n<p><strong>Maxime Desch\u00eanes:<\/strong> Responsable des finances<\/p>\n\n\n\n<p><strong>Karl Maheu:<\/strong> Responsable des conf\u00e9rences sp\u00e9ciales&nbsp;<\/p>\n\n\n\n<p class=\"has-text-align-left\"><strong>Eliane Laverdure:<\/strong> Responsable des conf\u00e9rences r\u00e9guli\u00e8res<\/p>\n\n\n\n<p><strong>Olivia Tribert: <\/strong>Responsable de l\u2019\u00e9v\u00e9nement d\u2019ouverture<\/p>\n\n\n\n<p class=\"has-text-align-left\"><strong>Laura Pellat Meininger :<\/strong> Responsable de la conf\u00e9rence de lancement<\/p>\n\n\n\n<p><strong>Adam Gwiazda-Amsel:<\/strong> Responsable de la location&nbsp;<\/p>\n\n\n\n<p class=\"has-text-align-left\"><strong>Alejandro Mac\u00edas Flores:<\/strong> Responsable des b\u00e9n\u00e9voles<\/p>\n\n\n\n<p class=\"has-text-align-left\"><strong>Bryan Lee<\/strong>: Responsable du design <\/p>\n","protected":false},"excerpt":{"rendered":"<p>Dix-septi\u00e8me \u00e9dition (2026) Myriam Henry : Direction et tr\u00e9sorerie William Dozois : Direction et tr\u00e9sorerie Aine Sunderland : Communications Aida Rezaei : Communications Saja Farhat : Graphisme Sebastien Kindschi : Promotion et conf\u00e9rences sp\u00e9ciales Alexandre Labont\u00e9 Dominguez : Promotion et conf\u00e9rences sp\u00e9ciales Rafael Hett : \u00c9v\u00e8nement de lancement et conf\u00e9rences r\u00e9guli\u00e8res Sofia Forlini : Conf\u00e9rences [&hellip;]<\/p>\n","protected":false},"author":1,"featured_media":0,"parent":0,"menu_order":0,"comment_status":"closed","ping_status":"closed","template":"","meta":{"footnotes":""},"class_list":["post-59","page","type-page","status-publish","hentry"],"_links":{"self":[{"href":"https:\/\/www.philopolis.net\/site\/wp-json\/wp\/v2\/pages\/59","targetHints":{"allow":["GET"]}}],"collection":[{"href":"https:\/\/www.philopolis.net\/site\/wp-json\/wp\/v2\/pages"}],"about":[{"href":"https:\/\/www.philopolis.net\/site\/wp-json\/wp\/v2\/types\/page"}],"author":[{"embeddable":true,"href":"https:\/\/www.philopolis.net\/site\/wp-json\/wp\/v2\/users\/1"}],"replies":[{"embeddable":true,"href":"https:\/\/www.philopolis.net\/site\/wp-json\/wp\/v2\/comments?post=59"}],"version-history":[{"count":10,"href":"https:\/\/www.philopolis.net\/site\/wp-json\/wp\/v2\/pages\/59\/revisions"}],"predecessor-version":[{"id":1752,"href":"https:\/\/www.philopolis.net\/site\/wp-json\/wp\/v2\/pages\/59\/revisions\/1752"}],"wp:attachment":[{"href":"https:\/\/www.philopolis.net\/site\/wp-json\/wp\/v2\/media?parent=59"}],"curies":[{"name":"wp","href":"https:\/\/api.w.org\/{rel}","templated":true}]}}