{"id":599,"date":"2019-12-10T23:36:10","date_gmt":"2019-12-10T23:36:10","guid":{"rendered":"https:\/\/www.philopolis.net\/site\/?page_id=599"},"modified":"2025-10-02T17:38:07","modified_gmt":"2025-10-02T17:38:07","slug":"team","status":"publish","type":"page","link":"https:\/\/www.philopolis.net\/site\/en\/team\/","title":{"rendered":"Team"},"content":{"rendered":"\n<h4 class=\"wp-block-heading\">Seventeenth edition (2026)<\/h4>\n\n\n\n<p>Myriam Henry : Direction and treasury<\/p>\n\n\n\n<p>William Dozois : Direction and treasury<\/p>\n\n\n\n<p>Aine Sunderland : Communications<\/p>\n\n\n\n<p>Aida Rezaei : Communications<\/p>\n\n\n\n<p>Saja Farhat : Graphic design<\/p>\n\n\n\n<p>Sebastien Kindschi : Promotion and special conferences<\/p>\n\n\n\n<p>Alexandre Labont\u00e9 Dominguez : Promotion and special conferences<\/p>\n\n\n\n<p>Rafael Hett : Launch event and regular conferences<\/p>\n\n\n\n<p>Sofia Forlini : Special conferences<\/p>\n\n\n\n<p>Eliane Laverdure : Regular conferences<\/p>\n\n\n\n<p>Fifi Semmar : Opening event<\/p>\n\n\n\n<p>Elisabeth Galbraith : Volonteer manager<\/p>\n\n\n\n<p>Michael McCauley : Volonteer manager<\/p>\n\n\n\n<p>Clara Levesque : Reservations<\/p>\n\n\n\n<p>Alexis Boivin : Reservations<\/p>\n\n\n\n<h4 class=\"wp-block-heading\">Sixteenth edition (2025)<\/h4>\n\n\n\n<p>Sara Tr\u00e9panier Fleurant : Direction and treasury<\/p>\n\n\n\n<p>L\u00e9o Portelance : Direction and treasury<\/p>\n\n\n\n<p>Gregory Martel : Promotion<\/p>\n\n\n\n<p>Clara Levesque : Promotion and volunteer manager<\/p>\n\n\n\n<p>Soyeon Park : Launch event and opening event<\/p>\n\n\n\n<p>Emmanuelle Vincent : Launch event<\/p>\n\n\n\n<p>Sabrina Savoia : Launch event<\/p>\n\n\n\n<p>Mathieu Charbonneau : Special conferences<\/p>\n\n\n\n<p>Fran\u00e7ois Champagne-Tremblay : Special conferences<\/p>\n\n\n\n<p>Sofia Forlini : Special conferences<\/p>\n\n\n\n<p>Saja Farhat : Regular conferences and communications<\/p>\n\n\n\n<p>Eliane Laverdure : Regular conferences<\/p>\n\n\n\n<p>Jesse Smoot : Regular conferences<\/p>\n\n\n\n<p>Myriam Henry : Opening event<\/p>\n\n\n\n<p>Marie-Eve Dub\u00e9-Claveau : Volunteer manager<\/p>\n\n\n\n<p>Alexis Boivin : Reservations<\/p>\n\n\n\n<p>Charles Laroche-Villeneuve : Communications<\/p>\n\n\n\n<p>William Dozois : Communications<\/p>\n\n\n\n<h4 class=\"wp-block-heading\">Fifteenth edition (2024)<\/h4>\n\n\n\n<p>L\u00e9o Portelance : Direction, treasury, promotion<\/p>\n\n\n\n<p>Jules Casset-Tostivint : Launch event<\/p>\n\n\n\n<p>Marie-Eve Dub\u00e9-Claveau : Special conferences<\/p>\n\n\n\n<p>\u00c9liane Laverdure : Regular conferences<\/p>\n\n\n\n<p>Florence Legault : Communications<\/p>\n\n\n\n<p>Chlo\u00e9 Saluzzo : Opening event and reservations<\/p>\n\n\n\n<p>Robert Schafer : Opening event and reservations<\/p>\n\n\n\n<p>Nancy Thurber : Volunteer manager<\/p>\n\n\n\n<p>Sara Tr\u00e9panier Fleurant: Communications<\/p>\n\n\n\n<h4 class=\"wp-block-heading\">Fourteenth edition (2023)<\/h4>\n\n\n\n<p>Alexandre Poisson : Director<\/p>\n\n\n\n<p>L\u00e9o Portelance : Opening event and special conferences<\/p>\n\n\n\n<p>Soline Van De Moortele : Volunteer manager<\/p>\n\n\n\n<p>Dominic Roulx : Communications<\/p>\n\n\n\n<h4 class=\"wp-block-heading\">Thirteenth edition (2022)<\/h4>\n\n\n\n<p>Alexandra Larocque: Director<\/p>\n\n\n\n<p>Gr\u00e9goire Ren\u00e9: Treasurer<\/p>\n\n\n\n<p>Ellena Thibaud Latour: Communications<\/p>\n\n\n\n<p>Alexandre Poisson: Communications<\/p>\n\n\n\n<p>Alexia Leclerc : Logistique<\/p>\n\n\n\n<p>Helena Lang: Logistics<\/p>\n\n\n\n<p>Christophe Facal: Regular conferences<\/p>\n\n\n\n<p>Jonathan Dany Thibault: Launch event<\/p>\n\n\n\n<p>Giuliana Luz Grabina: Launch event<\/p>\n\n\n\n<p>Pascal-Olivier Dumas-Dubreuil: Opening event<\/p>\n\n\n\n<p>Atan Zhang: Opening event<\/p>\n\n\n\n<p>Brock Nykoluk: Special conferences<\/p>\n\n\n\n<p>Sepehr Razavi: Special conferences<\/p>\n\n\n\n<p>Dominic Roulx: Promotion<\/p>\n\n\n\n<p>Olivier Samson: Volunteer manager<\/p>\n\n\n\n<h4 class=\"wp-block-heading\">Twelfth edition (2021)<\/h4>\n\n\n\n<p>Alexandra Larocque: Director<\/p>\n\n\n\n<p>J\u00e9r\u00e9mie H\u00e9brard: Treasurer<\/p>\n\n\n\n<p>Laurence Isabelle: Launch event<\/p>\n\n\n\n<p>Dominic Roulx: Logistics and marketing<\/p>\n\n\n\n<p>Sayaka Araniva-Yanez: Communications<\/p>\n\n\n\n<p>Ellena Thibaud-Latour: Communications<\/p>\n\n\n\n<p>Helena Lang: Logistics<\/p>\n\n\n\n<p>Marie Achille: Special conferences<\/p>\n\n\n\n<p>Sepehr Razavi: Special conferences<\/p>\n\n\n\n<p>Olivier Samson: Volunteer manager<\/p>\n\n\n\n<p>Christophe Facal: Promotion and mobilization<\/p>\n\n\n\n<div style=\"height:20px\" aria-hidden=\"true\" class=\"wp-block-spacer\"><\/div>\n\n\n\n<h4 class=\"wp-block-heading\"><strong>Eleventh edition (2020)<\/strong><\/h4>\n\n\n\n<p><strong>Guillaume Soucy :<\/strong> Director<\/p>\n\n\n\n<p><strong>Alexandra Larocque: <\/strong> Communications<\/p>\n\n\n\n<p><strong>Maxime Desch\u00eanes :<\/strong> Treasurer<\/p>\n\n\n\n<p><strong>Karl Maheu :<\/strong> Responsible of special conferences <\/p>\n\n\n\n<p><strong>Eliane Laverdure :<\/strong> Responsable of regular conferences<\/p>\n\n\n\n<p><strong>Olivia Tribert :<\/strong> Responsible of opening event<\/p>\n\n\n\n<p><strong>Laura Pellat Meininger :<\/strong> Responsable of launch event <\/p>\n\n\n\n<p><strong>Adam Gwiazda-Amsel : <\/strong>Logistics<\/p>\n\n\n\n<p><strong>Alejandro Mac\u00edas Flores :<\/strong> Volunteer manager <\/p>\n\n\n\n<p><strong>Bryan Lee<\/strong> <strong>: <\/strong>Design manager<\/p>\n","protected":false},"excerpt":{"rendered":"<p>Seventeenth edition (2026) Myriam Henry : Direction and treasury William Dozois : Direction and treasury Aine Sunderland : Communications Aida Rezaei : Communications Saja Farhat : Graphic design Sebastien Kindschi : Promotion and special conferences Alexandre Labont\u00e9 Dominguez : Promotion and special conferences Rafael Hett : Launch event and regular conferences Sofia Forlini : Special [&hellip;]<\/p>\n","protected":false},"author":1,"featured_media":0,"parent":0,"menu_order":0,"comment_status":"closed","ping_status":"closed","template":"","meta":{"footnotes":""},"class_list":["post-599","page","type-page","status-publish","hentry"],"_links":{"self":[{"href":"https:\/\/www.philopolis.net\/site\/wp-json\/wp\/v2\/pages\/599","targetHints":{"allow":["GET"]}}],"collection":[{"href":"https:\/\/www.philopolis.net\/site\/wp-json\/wp\/v2\/pages"}],"about":[{"href":"https:\/\/www.philopolis.net\/site\/wp-json\/wp\/v2\/types\/page"}],"author":[{"embeddable":true,"href":"https:\/\/www.philopolis.net\/site\/wp-json\/wp\/v2\/users\/1"}],"replies":[{"embeddable":true,"href":"https:\/\/www.philopolis.net\/site\/wp-json\/wp\/v2\/comments?post=599"}],"version-history":[{"count":10,"href":"https:\/\/www.philopolis.net\/site\/wp-json\/wp\/v2\/pages\/599\/revisions"}],"predecessor-version":[{"id":1753,"href":"https:\/\/www.philopolis.net\/site\/wp-json\/wp\/v2\/pages\/599\/revisions\/1753"}],"wp:attachment":[{"href":"https:\/\/www.philopolis.net\/site\/wp-json\/wp\/v2\/media?parent=599"}],"curies":[{"name":"wp","href":"https:\/\/api.w.org\/{rel}","templated":true}]}}